{"id":68,"date":"2021-11-18T15:36:51","date_gmt":"2021-11-18T15:36:51","guid":{"rendered":"http:\/\/yellowcastlemallorca.com\/?page_id=68"},"modified":"2023-11-06T20:20:50","modified_gmt":"2023-11-06T20:20:50","slug":"service","status":"publish","type":"page","link":"https:\/\/yellowcastlemallorca.com\/en\/service\/","title":{"rendered":"SERVICE"},"content":{"rendered":"<p>[et_pb_section fb_built=&#8220;1&#8243; fullwidth=&#8220;on&#8220; _builder_version=&#8220;4.13.1&#8243; _module_preset=&#8220;default&#8220; global_colors_info=&#8220;{}&#8220;][et_pb_fullwidth_slider _builder_version=&#8220;4.13.1&#8243; _module_preset=&#8220;default&#8220; global_colors_info=&#8220;{}&#8220;][et_pb_slide heading=&#8220;SERVICE&#8220; _builder_version=&#8220;4.13.1&#8243; _module_preset=&#8220;default&#8220; body_font_size=&#8220;23px&#8220; background_enable_color=&#8220;off&#8220; background_image=&#8220;https:\/\/yellowcastlemallorca.com\/wp-content\/uploads\/2021\/11\/Servicio-Transfer_02.jpg&#8220; background_enable_image=&#8220;on&#8220; global_colors_info=&#8220;{}&#8220; sticky_transition=&#8220;on&#8220;]<\/p>\n<p>Luxusurlaub pur<\/p>\n<p>[\/et_pb_slide][et_pb_slide heading=&#8220;YACHT CHARTER&#8220; _builder_version=&#8220;4.13.1&#8243; _module_preset=&#8220;default&#8220; body_font_size=&#8220;23px&#8220; background_enable_color=&#8220;off&#8220; background_image=&#8220;https:\/\/yellowcastlemallorca.com\/wp-content\/uploads\/2021\/11\/Bildschirmfoto-2021-11-22-um-13.00.32.png&#8220; background_enable_image=&#8220;on&#8220; global_colors_info=&#8220;{}&#8220; sticky_transition=&#8220;on&#8220;]<\/p>\n<p>Einen Tag auf dem Meer verbringen<\/p>\n<p>[\/et_pb_slide][et_pb_slide heading=&#8220;AUTOSERVICE&#8220; _builder_version=&#8220;4.13.1&#8243; _module_preset=&#8220;default&#8220; body_font_size=&#8220;23px&#8220; background_enable_color=&#8220;off&#8220; background_image=&#8220;https:\/\/yellowcastlemallorca.com\/wp-content\/uploads\/2021\/11\/Bildschirmfoto-2021-11-22-um-13.01.13.png&#8220; background_enable_image=&#8220;on&#8220; global_colors_info=&#8220;{}&#8220; sticky_transition=&#8220;on&#8220;]<\/p>\n<p>Flexibel unterwegs sein<\/p>\n<p>[\/et_pb_slide][\/et_pb_fullwidth_slider][\/et_pb_section][et_pb_section fb_built=&#8220;1&#8243; admin_label=&#8220;Menu&#8220; _builder_version=&#8220;3.22&#8243; global_colors_info=&#8220;{}&#8220;][et_pb_row column_structure=&#8220;1_3,1_3,1_3&#8243; _builder_version=&#8220;3.25&#8243; global_colors_info=&#8220;{}&#8220;][et_pb_column type=&#8220;1_3&#8243; _builder_version=&#8220;3.25&#8243; custom_padding=&#8220;|||&#8220; global_colors_info=&#8220;{}&#8220; custom_padding__hover=&#8220;|||&#8220;][et_pb_blurb title=&#8220;Flughafen Shuttle&#8220; use_icon=&#8220;on&#8220; font_icon=&#8220;&#xe052;||divi||400&#8243; icon_color=&#8220;#b2b9c4&#8243; icon_placement=&#8220;left&#8220; image_icon_width=&#8220;23px&#8220; _builder_version=&#8220;4.13.1&#8243; header_level=&#8220;h5&#8243; header_font=&#8220;Raleway|700|||||||&#8220; header_font_size=&#8220;20px&#8220; header_line_height=&#8220;1.2em&#8220; body_font=&#8220;||||||||&#8220; body_line_height=&#8220;2em&#8220; icon_font_size=&#8220;23px&#8220; global_colors_info=&#8220;{}&#8220;][\/et_pb_blurb][\/et_pb_column][et_pb_column type=&#8220;1_3&#8243; _builder_version=&#8220;3.25&#8243; custom_padding=&#8220;|||&#8220; global_colors_info=&#8220;{}&#8220; custom_padding__hover=&#8220;|||&#8220;][et_pb_blurb title=&#8220;Pers\u00f6nliche Concierge&#8220; use_icon=&#8220;on&#8220; font_icon=&#8220;&#xe052;||divi||400&#8243; icon_color=&#8220;#b2b9c4&#8243; icon_placement=&#8220;left&#8220; image_icon_width=&#8220;23px&#8220; _builder_version=&#8220;4.13.1&#8243; header_level=&#8220;h5&#8243; header_font=&#8220;Raleway|700|||||||&#8220; header_font_size=&#8220;20px&#8220; header_line_height=&#8220;1.2em&#8220; body_font=&#8220;||||||||&#8220; body_line_height=&#8220;2em&#8220; hover_enabled=&#8220;0&#8243; icon_font_size=&#8220;23px&#8220; global_colors_info=&#8220;{}&#8220; sticky_enabled=&#8220;0&#8243;][\/et_pb_blurb][\/et_pb_column][et_pb_column type=&#8220;1_3&#8243; _builder_version=&#8220;3.25&#8243; custom_padding=&#8220;|||&#8220; global_colors_info=&#8220;{}&#8220; custom_padding__hover=&#8220;|||&#8220;][et_pb_blurb title=&#8220;Diskret&#8220; use_icon=&#8220;on&#8220; font_icon=&#8220;&#xe052;||divi||400&#8243; icon_color=&#8220;#b2b9c4&#8243; icon_placement=&#8220;left&#8220; image_icon_width=&#8220;23px&#8220; _builder_version=&#8220;4.13.1&#8243; header_level=&#8220;h5&#8243; header_font=&#8220;Raleway|700|||||||&#8220; header_font_size=&#8220;20px&#8220; header_line_height=&#8220;1.2em&#8220; body_font=&#8220;||||||||&#8220; body_line_height=&#8220;2em&#8220; icon_font_size=&#8220;23px&#8220; locked=&#8220;off&#8220; global_colors_info=&#8220;{}&#8220;][\/et_pb_blurb][\/et_pb_column][\/et_pb_row][et_pb_row column_structure=&#8220;1_3,1_3,1_3&#8243; _builder_version=&#8220;3.25&#8243; global_colors_info=&#8220;{}&#8220;][et_pb_column type=&#8220;1_3&#8243; _builder_version=&#8220;3.25&#8243; custom_padding=&#8220;|||&#8220; global_colors_info=&#8220;{}&#8220; custom_padding__hover=&#8220;|||&#8220;][et_pb_blurb title=&#8220;24\/7&#8243; use_icon=&#8220;on&#8220; font_icon=&#8220;&#xe052;||divi||400&#8243; icon_color=&#8220;#b2b9c4&#8243; icon_placement=&#8220;left&#8220; image_icon_width=&#8220;23px&#8220; _builder_version=&#8220;4.13.1&#8243; header_level=&#8220;h5&#8243; header_font=&#8220;Raleway|700|||||||&#8220; header_font_size=&#8220;20px&#8220; header_line_height=&#8220;1.2em&#8220; body_font=&#8220;||||||||&#8220; body_line_height=&#8220;2em&#8220; icon_font_size=&#8220;23px&#8220; global_colors_info=&#8220;{}&#8220;][\/et_pb_blurb][\/et_pb_column][et_pb_column type=&#8220;1_3&#8243; _builder_version=&#8220;3.25&#8243; custom_padding=&#8220;|||&#8220; global_colors_info=&#8220;{}&#8220; custom_padding__hover=&#8220;|||&#8220;][et_pb_blurb title=&#8220;Yachtcharter&#8220; use_icon=&#8220;on&#8220; font_icon=&#8220;&#xe052;||divi||400&#8243; icon_color=&#8220;#b2b9c4&#8243; icon_placement=&#8220;left&#8220; image_icon_width=&#8220;23px&#8220; _builder_version=&#8220;4.13.1&#8243; header_level=&#8220;h5&#8243; header_font=&#8220;Raleway|700|||||||&#8220; header_font_size=&#8220;20px&#8220; header_line_height=&#8220;1.2em&#8220; body_font=&#8220;||||||||&#8220; body_line_height=&#8220;2em&#8220; icon_font_size=&#8220;23px&#8220; global_colors_info=&#8220;{}&#8220;][\/et_pb_blurb][\/et_pb_column][et_pb_column type=&#8220;1_3&#8243; _builder_version=&#8220;3.25&#8243; custom_padding=&#8220;|||&#8220; global_colors_info=&#8220;{}&#8220; custom_padding__hover=&#8220;|||&#8220;][et_pb_blurb title=&#8220;Privatkoch&#8220; use_icon=&#8220;on&#8220; font_icon=&#8220;&#xe052;||divi||400&#8243; icon_color=&#8220;#b2b9c4&#8243; icon_placement=&#8220;left&#8220; image_icon_width=&#8220;23px&#8220; _builder_version=&#8220;4.13.1&#8243; header_level=&#8220;h5&#8243; header_font=&#8220;Raleway|700|||||||&#8220; header_font_size=&#8220;20px&#8220; header_line_height=&#8220;1.2em&#8220; body_font=&#8220;||||||||&#8220; body_line_height=&#8220;2em&#8220; icon_font_size=&#8220;23px&#8220; global_colors_info=&#8220;{}&#8220;][\/et_pb_blurb][\/et_pb_column][\/et_pb_row][et_pb_row column_structure=&#8220;1_3,1_3,1_3&#8243; _builder_version=&#8220;3.25&#8243; global_colors_info=&#8220;{}&#8220;][et_pb_column type=&#8220;1_3&#8243; _builder_version=&#8220;3.25&#8243; custom_padding=&#8220;|||&#8220; global_colors_info=&#8220;{}&#8220; custom_padding__hover=&#8220;|||&#8220;][et_pb_blurb title=&#8220;Mietwagen&#8220; use_icon=&#8220;on&#8220; font_icon=&#8220;&#xe052;||divi||400&#8243; icon_color=&#8220;#b2b9c4&#8243; icon_placement=&#8220;left&#8220; image_icon_width=&#8220;23px&#8220; _builder_version=&#8220;4.13.1&#8243; header_level=&#8220;h5&#8243; header_font=&#8220;Raleway|700|||||||&#8220; header_font_size=&#8220;20px&#8220; header_line_height=&#8220;1.4em&#8220; body_font=&#8220;||||||||&#8220; body_line_height=&#8220;2em&#8220; icon_font_size=&#8220;23px&#8220; global_colors_info=&#8220;{}&#8220;][\/et_pb_blurb][\/et_pb_column][et_pb_column type=&#8220;1_3&#8243; _builder_version=&#8220;3.25&#8243; custom_padding=&#8220;|||&#8220; global_colors_info=&#8220;{}&#8220; custom_padding__hover=&#8220;|||&#8220;][et_pb_blurb title=&#8220;Privat Transfer&#8220; use_icon=&#8220;on&#8220; font_icon=&#8220;&#xe052;||divi||400&#8243; icon_color=&#8220;#b2b9c4&#8243; icon_placement=&#8220;left&#8220; image_icon_width=&#8220;23px&#8220; _builder_version=&#8220;4.13.1&#8243; header_level=&#8220;h5&#8243; header_font=&#8220;Raleway|700|||||||&#8220; header_font_size=&#8220;20px&#8220; header_line_height=&#8220;1.2em&#8220; body_font=&#8220;||||||||&#8220; body_line_height=&#8220;2em&#8220; icon_font_size=&#8220;23px&#8220; global_colors_info=&#8220;{}&#8220;][\/et_pb_blurb][\/et_pb_column][et_pb_column type=&#8220;1_3&#8243; _builder_version=&#8220;3.25&#8243; custom_padding=&#8220;|||&#8220; global_colors_info=&#8220;{}&#8220; custom_padding__hover=&#8220;|||&#8220;][et_pb_blurb title=&#8220;Housekeeping&#8220; use_icon=&#8220;on&#8220; font_icon=&#8220;&#xe052;||divi||400&#8243; icon_color=&#8220;#b2b9c4&#8243; icon_placement=&#8220;left&#8220; image_icon_width=&#8220;23px&#8220; _builder_version=&#8220;4.13.1&#8243; header_level=&#8220;h5&#8243; header_font=&#8220;Raleway|700|||||||&#8220; header_font_size=&#8220;20px&#8220; header_line_height=&#8220;1.2em&#8220; body_font=&#8220;||||||||&#8220; body_line_height=&#8220;2em&#8220; icon_font_size=&#8220;23px&#8220; locked=&#8220;off&#8220; global_colors_info=&#8220;{}&#8220;][\/et_pb_blurb][\/et_pb_column][\/et_pb_row][\/et_pb_section][et_pb_section fb_built=&#8220;1&#8243; _builder_version=&#8220;4.13.1&#8243; _module_preset=&#8220;default&#8220; background_enable_color=&#8220;off&#8220; global_colors_info=&#8220;{}&#8220;][et_pb_row column_structure=&#8220;1_2,1_2&#8243; _builder_version=&#8220;4.13.1&#8243; _module_preset=&#8220;default&#8220; global_colors_info=&#8220;{}&#8220;][et_pb_column type=&#8220;1_2&#8243; _builder_version=&#8220;4.13.1&#8243; _module_preset=&#8220;default&#8220; global_colors_info=&#8220;{}&#8220;][et_pb_text _builder_version=&#8220;4.13.1&#8243; _module_preset=&#8220;default&#8220; text_text_color=&#8220;#000000&#8243; header_3_font=&#8220;|300|||||||&#8220; header_3_text_color=&#8220;#000000&#8243; header_3_font_size=&#8220;54px&#8220; transform_translate=&#8220;-20px|186px&#8220; global_colors_info=&#8220;{}&#8220;]<\/p>\n<h3 class=\"titlecolor\">INKLUSIVE SERVICE LEISTUNGEN<\/h3>\n<div class=\"text\">\n<ul>\n<li class=\"bodytext\">T\u00e4glicher Fr\u00fchst\u00fccksservice (Continental Breakfast)<\/li>\n<li class=\"bodytext\">T\u00e4gliche Reinigung (4 Stunden)<\/li>\n<li class=\"bodytext\">T\u00e4glicher Maid Service (8 Stunden)<\/li>\n<li class=\"bodytext\">Pool &amp; Garten Service<\/li>\n<\/ul>\n<\/div>\n<p>[\/et_pb_text][\/et_pb_column][et_pb_column type=&#8220;1_2&#8243; _builder_version=&#8220;4.13.1&#8243; _module_preset=&#8220;default&#8220; global_colors_info=&#8220;{}&#8220;][et_pb_image src=&#8220;https:\/\/yellowcastlemallorca.com\/wp-content\/uploads\/2022\/12\/WhatsApp-Image-2022-12-22-at-08.31.36.jpeg&#8220; _builder_version=&#8220;4.13.1&#8243; _module_preset=&#8220;default&#8220; global_colors_info=&#8220;{}&#8220;][\/et_pb_image][\/et_pb_column][\/et_pb_row][\/et_pb_section][et_pb_section fb_built=&#8220;1&#8243; _builder_version=&#8220;4.13.1&#8243; _module_preset=&#8220;default&#8220; background_color=&#8220;#e0d0ac&#8220; custom_padding=&#8220;||2px|||&#8220; global_colors_info=&#8220;{}&#8220;][et_pb_row _builder_version=&#8220;4.13.1&#8243; _module_preset=&#8220;default&#8220; custom_padding=&#8220;||1px|||&#8220; hover_enabled=&#8220;0&#8243; global_colors_info=&#8220;{}&#8220; sticky_enabled=&#8220;0&#8243;][et_pb_column type=&#8220;4_4&#8243; _builder_version=&#8220;4.13.1&#8243; _module_preset=&#8220;default&#8220; global_colors_info=&#8220;{}&#8220;][et_pb_text _builder_version=&#8220;4.13.1&#8243; _module_preset=&#8220;default&#8220; text_text_color=&#8220;#000000&#8243; header_3_font=&#8220;|300|||||||&#8220; header_3_text_color=&#8220;#000000&#8243; header_3_font_size=&#8220;54px&#8220; global_colors_info=&#8220;{}&#8220;]<\/p>\n<h3 class=\"titlecolor\">EXTRA SERVICE<\/h3>\n<div class=\"text\">\n<p class=\"bodytext\">Gerne organisieren wir f\u00fcr Sie die folgenden exklusiven Serviceleistungen<\/p>\n<\/div>\n<p>[\/et_pb_text][\/et_pb_column][\/et_pb_row][\/et_pb_section][et_pb_section fb_built=&#8220;1&#8243; _builder_version=&#8220;4.13.1&#8243; _module_preset=&#8220;default&#8220; background_color=&#8220;#e0d0ac&#8220; global_colors_info=&#8220;{}&#8220;][et_pb_row column_structure=&#8220;1_2,1_2&#8243; _builder_version=&#8220;4.13.1&#8243; _module_preset=&#8220;default&#8220; global_colors_info=&#8220;{}&#8220;][et_pb_column type=&#8220;1_2&#8243; _builder_version=&#8220;4.13.1&#8243; _module_preset=&#8220;default&#8220; global_colors_info=&#8220;{}&#8220;][et_pb_image src=&#8220;https:\/\/yellowcastlemallorca.com\/wp-content\/uploads\/2021\/11\/Bildschirmfoto-2021-11-22-um-13.00.32.png&#8220; _builder_version=&#8220;4.13.1&#8243; _module_preset=&#8220;default&#8220; global_colors_info=&#8220;{}&#8220;][\/et_pb_image][\/et_pb_column][et_pb_column type=&#8220;1_2&#8243; _builder_version=&#8220;4.13.1&#8243; _module_preset=&#8220;default&#8220; global_colors_info=&#8220;{}&#8220;][et_pb_text _builder_version=&#8220;4.13.1&#8243; _module_preset=&#8220;default&#8220; text_text_color=&#8220;#000000&#8243; header_3_font=&#8220;|300|||||||&#8220; header_3_text_color=&#8220;#000000&#8243; header_3_font_size=&#8220;54px&#8220; global_colors_info=&#8220;{}&#8220;]<\/p>\n<h3 class=\"titlecolor\">YACHTCHARTER<\/h3>\n<div class=\"text\">\n<p class=\"bodytext\">Kristallklares Wasser, einsame Buchten, unvergessliche Momente auf einer Traumyacht mit bestem Service, wer kann hierzu schon nein sagen. Mit der Yacht nach Ibiza oder einmal rund um Mallorca, was auch immer Ihr Anliegen ist, unser Partner sind Ihnen gerne auf der Suche nach der geeigneten Yacht und der passenden Crew behilflich.<\/p>\n<\/div>\n<p>[\/et_pb_text][\/et_pb_column][\/et_pb_row][\/et_pb_section][et_pb_section fb_built=&#8220;1&#8243; _builder_version=&#8220;4.13.1&#8243; _module_preset=&#8220;default&#8220; background_enable_color=&#8220;off&#8220; global_colors_info=&#8220;{}&#8220;][et_pb_row column_structure=&#8220;1_2,1_2&#8243; _builder_version=&#8220;4.13.1&#8243; _module_preset=&#8220;default&#8220; global_colors_info=&#8220;{}&#8220;][et_pb_column type=&#8220;1_2&#8243; _builder_version=&#8220;4.13.1&#8243; _module_preset=&#8220;default&#8220; global_colors_info=&#8220;{}&#8220;][et_pb_text _builder_version=&#8220;4.13.1&#8243; _module_preset=&#8220;default&#8220; text_text_color=&#8220;#000000&#8243; header_3_font=&#8220;|300|||||||&#8220; header_3_text_color=&#8220;#000000&#8243; header_3_font_size=&#8220;54px&#8220; global_colors_info=&#8220;{}&#8220;]<\/p>\n<h3 class=\"titlecolor\">PRIVATKOCH<\/h3>\n<div class=\"text\">\n<p class=\"bodytext\">Keine Lust zu kochen oder Sie planen eine Geburtstags\u00fcberraschung f\u00fcr Ihre Liebsten? W\u00fcnschen Sie sich kulinarische Highlights direkt auf der Villa, ohne das Haus verlassen zu m\u00fcssen oder einen t\u00e4glichen, privaten und individuellen Kochservice? Wir sind Ihnen gerne bei der Vermittlung eines Privatkochs behilflich. Vom BBQ, einem Paella Abend bis hin zum 5 G\u00e4nge-Men\u00fc wir vermitteln\u00a0Ihnen\u00a0eine auf sie pers\u00f6nlich zugeschnittene Dienstleistung.<\/p>\n<\/div>\n<p>[\/et_pb_text][\/et_pb_column][et_pb_column type=&#8220;1_2&#8243; _builder_version=&#8220;4.13.1&#8243; _module_preset=&#8220;default&#8220; global_colors_info=&#8220;{}&#8220;][et_pb_image src=&#8220;https:\/\/yellowcastlemallorca.com\/wp-content\/uploads\/2021\/11\/Private-Chef-Unisono_01.jpg&#8220; _builder_version=&#8220;4.13.1&#8243; _module_preset=&#8220;default&#8220; global_colors_info=&#8220;{}&#8220;][\/et_pb_image][\/et_pb_column][\/et_pb_row][\/et_pb_section][et_pb_section fb_built=&#8220;1&#8243; _builder_version=&#8220;4.13.1&#8243; _module_preset=&#8220;default&#8220; background_color=&#8220;#e0d0ac&#8220; global_colors_info=&#8220;{}&#8220;][et_pb_row column_structure=&#8220;1_2,1_2&#8243; _builder_version=&#8220;4.13.1&#8243; _module_preset=&#8220;default&#8220; global_colors_info=&#8220;{}&#8220;][et_pb_column type=&#8220;1_2&#8243; _builder_version=&#8220;4.13.1&#8243; _module_preset=&#8220;default&#8220; global_colors_info=&#8220;{}&#8220;][et_pb_image src=&#8220;https:\/\/yellowcastlemallorca.com\/wp-content\/uploads\/2021\/11\/Bildschirmfoto-2021-11-22-um-13.01.13.png&#8220; _builder_version=&#8220;4.13.1&#8243; _module_preset=&#8220;default&#8220; global_colors_info=&#8220;{}&#8220;][\/et_pb_image][\/et_pb_column][et_pb_column type=&#8220;1_2&#8243; _builder_version=&#8220;4.13.1&#8243; _module_preset=&#8220;default&#8220; global_colors_info=&#8220;{}&#8220;][et_pb_text _builder_version=&#8220;4.13.1&#8243; _module_preset=&#8220;default&#8220; text_text_color=&#8220;#000000&#8243; header_text_color=&#8220;#FFFFFF&#8220; header_3_font=&#8220;|300|||||||&#8220; header_3_text_color=&#8220;#000000&#8243; header_3_font_size=&#8220;54px&#8220; global_colors_info=&#8220;{}&#8220;]<\/p>\n<h3 class=\"titlecolor\">MIETWAGEN<\/h3>\n<div class=\"text\">\n<p class=\"bodytext\">Mieten Sie Ihren Traummietwagen zu attraktiven unisono Konditionen direkt \u00fcber unser Partner SiXT. Gerne organisieren wir f\u00fcr Sie die Lieferung und Entgegennahme des Mietwagens direkt an der bei uns gemieteten Villa\/Finca. Ihr Gep\u00e4ck passt nicht in Ihren Wunschmietwagen? Kein Problem, auf Wunsch organisieren wir einen Privattransfer mit unser Partner Transfer Class. Buchen Sie hier Ihren SiXT-Mietwagen zu unisono Kondition.<\/p>\n<\/div>\n<p>[\/et_pb_text][et_pb_button button_url=&#8220;https:\/\/www.sixt.de\/php\/reservation?tab_identifier=1699301941&#038;AGIA=5150131&#038;ctyp=P&#038;t=11&#038;&#8220; url_new_window=&#8220;on&#8220; button_text=&#8220;MIETWAGEN BUCHEN&#8220; _builder_version=&#8220;4.13.1&#8243; _module_preset=&#8220;default&#8220; custom_button=&#8220;on&#8220; button_text_color=&#8220;#000000&#8243; button_border_width=&#8220;1px&#8220; button_border_radius=&#8220;20px&#8220; hover_enabled=&#8220;0&#8243; global_colors_info=&#8220;{}&#8220; sticky_enabled=&#8220;0&#8243;][\/et_pb_button][\/et_pb_column][\/et_pb_row][\/et_pb_section][et_pb_section fb_built=&#8220;1&#8243; _builder_version=&#8220;4.13.1&#8243; _module_preset=&#8220;default&#8220; background_enable_color=&#8220;off&#8220; global_colors_info=&#8220;{}&#8220;][et_pb_row column_structure=&#8220;1_2,1_2&#8243; _builder_version=&#8220;4.13.1&#8243; _module_preset=&#8220;default&#8220; global_colors_info=&#8220;{}&#8220;][et_pb_column type=&#8220;1_2&#8243; _builder_version=&#8220;4.13.1&#8243; _module_preset=&#8220;default&#8220; global_colors_info=&#8220;{}&#8220;][et_pb_text _builder_version=&#8220;4.13.1&#8243; _module_preset=&#8220;default&#8220; text_text_color=&#8220;#000000&#8243; header_3_font=&#8220;|300|||||||&#8220; header_3_text_color=&#8220;#000000&#8243; header_3_font_size=&#8220;54px&#8220; global_colors_info=&#8220;{}&#8220;]<\/p>\n<h3 class=\"titlecolor\">PRIVAT TRANSFER<\/h3>\n<div class=\"text\">\n<p class=\"bodytext\">Unser Partner Transfer Class ist Marktf\u00fchrer auf den Balearen f\u00fcr Premium-Transfers. Durch die gro\u00dfe Flotte sind stets Transfers verf\u00fcgbar. Ob mit einer C, S oder V-Klasse f\u00fcr alle Kunden ist ein passender Transport dabei. Bei Transfer Class erwartet Sie einen Transfer mit Klasse.<\/p>\n<\/div>\n<div class=\"text\"><\/div>\n<p>[\/et_pb_text][\/et_pb_column][et_pb_column type=&#8220;1_2&#8243; _builder_version=&#8220;4.13.1&#8243; _module_preset=&#8220;default&#8220; global_colors_info=&#8220;{}&#8220;][et_pb_image src=&#8220;https:\/\/yellowcastlemallorca.com\/wp-content\/uploads\/2021\/11\/Servicio-Transfer_02.jpg&#8220; _builder_version=&#8220;4.13.1&#8243; _module_preset=&#8220;default&#8220; global_colors_info=&#8220;{}&#8220;][\/et_pb_image][\/et_pb_column][\/et_pb_row][\/et_pb_section][et_pb_section fb_built=&#8220;1&#8243; fullwidth=&#8220;on&#8220; _builder_version=&#8220;4.13.1&#8243; _module_preset=&#8220;default&#8220; global_colors_info=&#8220;{}&#8220;][et_pb_fullwidth_image src=&#8220;https:\/\/yellowcastlemallorca.com\/wp-content\/uploads\/2021\/11\/Servicio-Transfer_02.jpg&#8220; _builder_version=&#8220;4.13.1&#8243; _module_preset=&#8220;default&#8220; global_colors_info=&#8220;{}&#8220;][\/et_pb_fullwidth_image][\/et_pb_section]<\/p>\n","protected":false},"excerpt":{"rendered":"<p>Luxusurlaub purEinen Tag auf dem Meer verbringenFlexibel unterwegs seinINKLUSIVE SERVICE LEISTUNGEN T\u00e4glicher Fr\u00fchst\u00fccksservice (Continental Breakfast) T\u00e4gliche Reinigung (4 Stunden) T\u00e4glicher Maid Service (8 Stunden) Pool &amp; Garten Service EXTRA SERVICE Gerne organisieren wir f\u00fcr Sie die folgenden exklusiven Serviceleistungen YACHTCHARTER Kristallklares Wasser, einsame Buchten, unvergessliche Momente auf einer Traumyacht mit bestem Service, wer kann hierzu [&hellip;]<\/p>\n","protected":false},"author":1,"featured_media":0,"parent":0,"menu_order":0,"comment_status":"closed","ping_status":"closed","template":"","meta":{"_et_pb_use_builder":"on","_et_pb_old_content":"<!-- wp:divi\/placeholder \/-->","_et_gb_content_width":"","footnotes":""},"class_list":["post-68","page","type-page","status-publish","hentry"],"_links":{"self":[{"href":"https:\/\/yellowcastlemallorca.com\/en\/wp-json\/wp\/v2\/pages\/68","targetHints":{"allow":["GET"]}}],"collection":[{"href":"https:\/\/yellowcastlemallorca.com\/en\/wp-json\/wp\/v2\/pages"}],"about":[{"href":"https:\/\/yellowcastlemallorca.com\/en\/wp-json\/wp\/v2\/types\/page"}],"author":[{"embeddable":true,"href":"https:\/\/yellowcastlemallorca.com\/en\/wp-json\/wp\/v2\/users\/1"}],"replies":[{"embeddable":true,"href":"https:\/\/yellowcastlemallorca.com\/en\/wp-json\/wp\/v2\/comments?post=68"}],"version-history":[{"count":23,"href":"https:\/\/yellowcastlemallorca.com\/en\/wp-json\/wp\/v2\/pages\/68\/revisions"}],"predecessor-version":[{"id":1258,"href":"https:\/\/yellowcastlemallorca.com\/en\/wp-json\/wp\/v2\/pages\/68\/revisions\/1258"}],"wp:attachment":[{"href":"https:\/\/yellowcastlemallorca.com\/en\/wp-json\/wp\/v2\/media?parent=68"}],"curies":[{"name":"wp","href":"https:\/\/api.w.org\/{rel}","templated":true}]}}