{"id":6,"date":"2021-11-18T08:53:54","date_gmt":"2021-11-18T08:53:54","guid":{"rendered":"http:\/\/yellowcastlemallorca.com\/?page_id=6"},"modified":"2026-01-08T10:35:10","modified_gmt":"2026-01-08T10:35:10","slug":"home","status":"publish","type":"page","link":"https:\/\/yellowcastlemallorca.com\/en\/","title":{"rendered":"HOME"},"content":{"rendered":"<p>[et_pb_section fb_built=&#8220;1&#8243; fullwidth=&#8220;on&#8220; _builder_version=&#8220;4.13.1&#8243; _module_preset=&#8220;default&#8220; global_colors_info=&#8220;{}&#8220;][et_pb_fullwidth_slider _builder_version=&#8220;4.13.1&#8243; _module_preset=&#8220;default&#8220; global_colors_info=&#8220;{}&#8220;][et_pb_slide heading=&#8220;THE YELLOW CASTLE&#8220; _builder_version=&#8220;4.13.1&#8243; _module_preset=&#8220;default&#8220; body_font_size=&#8220;23px&#8220; background_enable_color=&#8220;off&#8220; background_image=&#8220;https:\/\/yellowcastlemallorca.com\/wp-content\/uploads\/2022\/06\/Yellow-Castle-231-watermarked.jpg&#8220; background_enable_image=&#8220;on&#8220; global_colors_info=&#8220;{}&#8220; sticky_transition=&#8220;on&#8220;]<\/p>\n<p>Luxusanwesen in Port Andratx<\/p>\n<p>[\/et_pb_slide][et_pb_slide heading=&#8220;Atemberaubende Sonnenunterg\u00e4nge&#8220; _builder_version=&#8220;4.13.1&#8243; _module_preset=&#8220;default&#8220; body_font_size=&#8220;23px&#8220; background_enable_color=&#8220;off&#8220; background_image=&#8220;https:\/\/yellowcastlemallorca.com\/wp-content\/uploads\/2022\/06\/Yellow-Castle-170-watermarked.jpg&#8220; background_enable_image=&#8220;on&#8220; global_colors_info=&#8220;{}&#8220; sticky_transition=&#8220;on&#8220;][\/et_pb_slide][et_pb_slide heading=&#8220;Privatsph\u00e4re&#8220; _builder_version=&#8220;4.13.1&#8243; _module_preset=&#8220;default&#8220; body_font_size=&#8220;23px&#8220; background_enable_color=&#8220;off&#8220; background_image=&#8220;https:\/\/yellowcastlemallorca.com\/wp-content\/uploads\/2022\/06\/Yellow-Castle-181-watermarked.jpg&#8220; background_enable_image=&#8220;on&#8220; global_colors_info=&#8220;{}&#8220; sticky_transition=&#8220;on&#8220;][\/et_pb_slide][et_pb_slide heading=&#8220;Mit einem L\u00e4cheln aufwachen&#8220; _builder_version=&#8220;4.13.1&#8243; _module_preset=&#8220;default&#8220; body_font_size=&#8220;23px&#8220; background_enable_color=&#8220;off&#8220; background_image=&#8220;https:\/\/yellowcastlemallorca.com\/wp-content\/uploads\/2022\/01\/Yellow-Castell-116-ink.jpeg&#8220; background_enable_image=&#8220;on&#8220; global_colors_info=&#8220;{}&#8220; sticky_transition=&#8220;on&#8220;][\/et_pb_slide][\/et_pb_fullwidth_slider][\/et_pb_section][et_pb_section fb_built=&#8220;1&#8243; _builder_version=&#8220;4.13.1&#8243; _module_preset=&#8220;default&#8220; global_colors_info=&#8220;{}&#8220;][et_pb_row _builder_version=&#8220;4.13.1&#8243; _module_preset=&#8220;default&#8220; global_colors_info=&#8220;{}&#8220;][et_pb_column type=&#8220;4_4&#8243; _builder_version=&#8220;4.13.1&#8243; _module_preset=&#8220;default&#8220; global_colors_info=&#8220;{}&#8220;][et_pb_text _builder_version=&#8220;4.13.1&#8243; _module_preset=&#8220;default&#8220; header_font=&#8220;|300|||||||&#8220; header_2_font=&#8220;|300|||||||&#8220; header_2_font_size=&#8220;60px&#8220; global_colors_info=&#8220;{}&#8220;]<\/p>\n<h2><span style=\"color: #000000;\">The Yellow Castle<\/span><\/h2>\n<p><span style=\"color: #000000;\"><\/span><\/p>\n<p>Auf einer Halbinsel am Eingang von Puerto de Andratx erhebt sich das Yellow Castle als herausragende Luxusvilla \u00fcber dem Mittelmeer. Dank seiner einzigartigen Lage, die sowohl \u00fcber Land als auch \u00fcber das Meer erreichbar ist, bietet das Anwesen unvergleichliche Privatsph\u00e4re und Prestige. Genie\u00dfen Sie den Panoramablick auf das azurblaue Mittelmeer, den malerischen Yachthafen von Puerto de Andratx und die imposante Kulisse des Tramuntana-Gebirges. Das Yellow Castle z\u00e4hlt zu den exklusivsten Villen auf Mallorca und verbindet elegantes Design mit einem herausragenden Wohngef\u00fchl.<\/p>\n<p>Beim Betreten dieser Luxusvilla sp\u00fcren Sie sofort die besondere Atmosph\u00e4re und das exklusive Ambiente. Ein mediterraner Garten f\u00fchrt direkt zum privaten Meerzugang. Auf dem Anwesen sind sowohl der Infinity-Pool als auch der luxuri\u00f6se Jacuzzi so ausgerichtet, dass sie einen atemberaubenden Blick auf den Yachthafen von Puerto de Andratx bieten \u2013 perfekt, um im sprudelnden Wasser zu entspannen und die mediterrane Umgebung in vollen Z\u00fcgen zu genie\u00dfen.<\/p>\n<p>Das Haus selbst bietet eine gro\u00dfz\u00fcgige Unterkunft f\u00fcr bis zu 12 Personen, die hier einen unvergesslichen Aufenthalt erleben k\u00f6nnen. Im Haupthaus, welches mit einem gem\u00fctlichen Ambiente eingerichtet ist, erwarten Sie drei beeindruckende Suiten. In einer dieser Suiten, der &#8222;Lady Di Suite&#8220;, verbrachte einst die &#8222;Prinzessin der Herzen&#8220; selbst einen ihrer Urlaube, und der Hauch von k\u00f6niglichem Glanz ist hier noch immer sp\u00fcrbar.<\/p>\n<p>Selbst Netflix war von dieser Immobilie so verzaubert, dass sie die Villa f\u00fcr Ihre Dreharbeiten zur 6. Staffel von &#8222;The Crown&#8220; ausgew\u00e4hlt hat.<\/p>\n<p>Das Haupthaus beherbergt eine offene Wohnk\u00fcche, in der kulinarische Gen\u00fcsse entstehen, ein ger\u00e4umiges Wohnzimmer mit einem einladenden Kamin und ein elegantes Esszimmer mit einer stattlichen Tafel, die sich perfekt f\u00fcr festliche Mahlzeiten eignet.<\/p>\n<p>Im Untergeschoss des Haupthauses erwartet Sie ein kleines, aber gut ausgestattetes Fitnessstudio und eine Massageliege (Massagen zus\u00e4tzlich buchbar).<\/p>\n<p>F\u00fcr zus\u00e4tzlichen Luxus und Privatsph\u00e4re sind drei weitere elegante Suiten im G\u00e4stehaus untergebracht. Ein besonderes Highlight des Anwesens ist eine versteckte Felsengrotte auf der R\u00fcckseite, die Ihnen die Gelegenheit bietet, die sch\u00f6nsten Sonnenunterg\u00e4nge auf Mallorca in aller Intimit\u00e4t und Exklusivit\u00e4t zu erleben.<\/p>\n<p>Das Yellow Castle vereint Eleganz, Luxus und atemberaubende Sch\u00f6nheit. Hier werden Ihre Sinne verzaubert und unvergessliche Erinnerungen geschaffen. Eine einzigartige Immobilie auf Mallorca.<\/p>\n<p>&nbsp;<\/p>\n<p>[\/et_pb_text][et_pb_video src=&#8220;https:\/\/vimeo.com\/438833424\/4938b226cc&#8220; _builder_version=&#8220;4.13.1&#8243; _module_preset=&#8220;default&#8220; global_colors_info=&#8220;{}&#8220;][\/et_pb_video][\/et_pb_column][\/et_pb_row][\/et_pb_section][et_pb_section fb_built=&#8220;1&#8243; _builder_version=&#8220;4.13.1&#8243; _module_preset=&#8220;default&#8220; background_color=&#8220;#e0d0ac&#8220; global_colors_info=&#8220;{}&#8220;][et_pb_row column_structure=&#8220;1_2,1_2&#8243; _builder_version=&#8220;4.13.1&#8243; _module_preset=&#8220;default&#8220; global_colors_info=&#8220;{}&#8220;][et_pb_column type=&#8220;1_2&#8243; _builder_version=&#8220;4.13.1&#8243; _module_preset=&#8220;default&#8220; global_colors_info=&#8220;{}&#8220;][et_pb_image src=&#8220;https:\/\/yellowcastlemallorca.com\/wp-content\/uploads\/2022\/06\/Yellow-Castle-192-watermarked.jpg&#8220; _builder_version=&#8220;4.13.1&#8243; _module_preset=&#8220;default&#8220; global_colors_info=&#8220;{}&#8220;][\/et_pb_image][\/et_pb_column][et_pb_column type=&#8220;1_2&#8243; _builder_version=&#8220;4.13.1&#8243; _module_preset=&#8220;default&#8220; global_colors_info=&#8220;{}&#8220;][et_pb_text _builder_version=&#8220;4.13.1&#8243; _module_preset=&#8220;default&#8220; text_text_color=&#8220;#FFFFFF&#8220; header_2_font=&#8220;|300|||||||&#8220; header_2_font_size=&#8220;60px&#8220; global_colors_info=&#8220;{}&#8220;]<\/p>\n<h2><span style=\"color: #ffffff;\"><\/span><span style=\"color: #ffffff;\">Das Anwesen<\/span><\/h2>\n<p>&nbsp;<\/p>\n<p><span>Rundumblick auf das Meer und die Tramuntana<br \/><\/span><\/p>\n<p><span>In unmittelbarer N\u00e4he zum Yachthafen von Puerto de Andratx<\/span><\/p>\n<p><span>1000 m2 Wohnfl\u00e4che verteilt auf das Haupthaus mit 3 Luxus-Suiten und das Nebenhaus mit 3 weiteren Luxus-Suiten<br \/><\/span><\/p>\n<p><span>Eines der spektakul\u00e4rsten Anwesen auf Mallorca<\/span><\/p>\n<p><span>T\u00e4glicher Fr\u00fchst\u00fccksservice<span class=\"puntos\"><br \/><\/span><\/span><\/p>\n<p><span>Jacuzzi mit Blick auf herrliche Sonnenunterg\u00e4nge<\/span><span class=\"puntos\"><\/span><span class=\"puntos\"><\/span><\/p>\n<p><span class=\"puntos\">2 Meerzug\u00e4nge<\/span><\/p>\n<p><span class=\"puntos\">Vollausgestattetes Fitnesstudio<\/span><\/p>\n<p><span class=\"puntos\">Glasfaserinternet<\/span><\/p>\n<p><span class=\"puntos\"><\/span><\/p>\n<p><span class=\"puntos\"><\/span><\/p>\n<p><span class=\"puntos\"><\/span><\/p>\n<p>[\/et_pb_text][\/et_pb_column][\/et_pb_row][\/et_pb_section][et_pb_section fb_built=&#8220;1&#8243; fullwidth=&#8220;on&#8220; _builder_version=&#8220;4.13.1&#8243; _module_preset=&#8220;default&#8220; global_colors_info=&#8220;{}&#8220;][et_pb_fullwidth_image src=&#8220;https:\/\/yellowcastlemallorca.com\/wp-content\/uploads\/2022\/01\/Yellow-Castell-116-ink.jpeg&#8220; _builder_version=&#8220;4.13.1&#8243; _module_preset=&#8220;default&#8220; global_colors_info=&#8220;{}&#8220;][\/et_pb_fullwidth_image][\/et_pb_section]<\/p>\n","protected":false},"excerpt":{"rendered":"<p>Luxusanwesen in Port AndratxThe Yellow Castle Auf einer Halbinsel am Eingang von Puerto de Andratx erhebt sich das Yellow Castle als herausragende Luxusvilla \u00fcber dem Mittelmeer. Dank seiner einzigartigen Lage, die sowohl \u00fcber Land als auch \u00fcber das Meer erreichbar ist, bietet das Anwesen unvergleichliche Privatsph\u00e4re und Prestige. Genie\u00dfen Sie den Panoramablick auf das azurblaue [&hellip;]<\/p>\n","protected":false},"author":1,"featured_media":0,"parent":0,"menu_order":0,"comment_status":"closed","ping_status":"closed","template":"","meta":{"_et_pb_use_builder":"on","_et_pb_old_content":"","_et_gb_content_width":"","footnotes":""},"class_list":["post-6","page","type-page","status-publish","hentry"],"_links":{"self":[{"href":"https:\/\/yellowcastlemallorca.com\/en\/wp-json\/wp\/v2\/pages\/6","targetHints":{"allow":["GET"]}}],"collection":[{"href":"https:\/\/yellowcastlemallorca.com\/en\/wp-json\/wp\/v2\/pages"}],"about":[{"href":"https:\/\/yellowcastlemallorca.com\/en\/wp-json\/wp\/v2\/types\/page"}],"author":[{"embeddable":true,"href":"https:\/\/yellowcastlemallorca.com\/en\/wp-json\/wp\/v2\/users\/1"}],"replies":[{"embeddable":true,"href":"https:\/\/yellowcastlemallorca.com\/en\/wp-json\/wp\/v2\/comments?post=6"}],"version-history":[{"count":62,"href":"https:\/\/yellowcastlemallorca.com\/en\/wp-json\/wp\/v2\/pages\/6\/revisions"}],"predecessor-version":[{"id":1267,"href":"https:\/\/yellowcastlemallorca.com\/en\/wp-json\/wp\/v2\/pages\/6\/revisions\/1267"}],"wp:attachment":[{"href":"https:\/\/yellowcastlemallorca.com\/en\/wp-json\/wp\/v2\/media?parent=6"}],"curies":[{"name":"wp","href":"https:\/\/api.w.org\/{rel}","templated":true}]}}