{"id":374,"date":"2021-12-03T14:28:34","date_gmt":"2021-12-03T14:28:34","guid":{"rendered":"https:\/\/yellowcastlemallorca.com\/?page_id=374"},"modified":"2022-12-22T08:50:18","modified_gmt":"2022-12-22T08:50:18","slug":"rundgang","status":"publish","type":"page","link":"https:\/\/yellowcastlemallorca.com\/en\/rundgang\/","title":{"rendered":"VIRTUAL TOUR"},"content":{"rendered":"<p>[et_pb_section fb_built=&#8220;1&#8243; fullwidth=&#8220;on&#8220; _builder_version=&#8220;4.13.1&#8243; _module_preset=&#8220;default&#8220; global_colors_info=&#8220;{}&#8220;][et_pb_fullwidth_slider _builder_version=&#8220;4.13.1&#8243; _module_preset=&#8220;default&#8220; hover_enabled=&#8220;0&#8243; global_colors_info=&#8220;{}&#8220; sticky_enabled=&#8220;0&#8243;][et_pb_slide heading=&#8220;Aufwachen&#8220; _builder_version=&#8220;4.13.1&#8243; _module_preset=&#8220;default&#8220; body_font_size=&#8220;23px&#8220; background_enable_color=&#8220;off&#8220; background_image=&#8220;https:\/\/yellowcastlemallorca.com\/wp-content\/uploads\/2022\/01\/Yellow-Castell-116-ink.jpeg&#8220; background_enable_image=&#8220;on&#8220; global_colors_info=&#8220;{}&#8220; sticky_transition=&#8220;on&#8220;]<\/p>\n<p>Mit einem L\u00e4cheln<\/p>\n<p>[\/et_pb_slide][et_pb_slide heading=&#8220;Rundum Meerblick&#8220; _builder_version=&#8220;4.13.1&#8243; _module_preset=&#8220;default&#8220; body_font_size=&#8220;23px&#8220; background_enable_color=&#8220;off&#8220; background_image=&#8220;https:\/\/yellowcastlemallorca.com\/wp-content\/uploads\/2022\/06\/Yellow-Castle-172-watermarked.jpg&#8220; background_enable_image=&#8220;on&#8220; hover_enabled=&#8220;0&#8243; global_colors_info=&#8220;{}&#8220; sticky_transition=&#8220;on&#8220; sticky_enabled=&#8220;0&#8243;]<\/p>\n<p>Den Weitblick genie\u00dfen<\/p>\n<p>[\/et_pb_slide][et_pb_slide heading=&#8220;Privatsph\u00e4re&#8220; _builder_version=&#8220;4.13.1&#8243; _module_preset=&#8220;default&#8220; body_font_size=&#8220;23px&#8220; background_enable_color=&#8220;off&#8220; background_image=&#8220;https:\/\/yellowcastlemallorca.com\/wp-content\/uploads\/2022\/06\/Yellow-Castle-181-watermarked.jpg&#8220; background_enable_image=&#8220;on&#8220; hover_enabled=&#8220;0&#8243; global_colors_info=&#8220;{}&#8220; sticky_transition=&#8220;on&#8220; sticky_enabled=&#8220;0&#8243;]<\/p>\n<p>Zur Ruhe kommen<\/p>\n<p>[\/et_pb_slide][\/et_pb_fullwidth_slider][\/et_pb_section][et_pb_section fb_built=&#8220;1&#8243; _builder_version=&#8220;4.13.1&#8243; _module_preset=&#8220;default&#8220; global_colors_info=&#8220;{}&#8220;][et_pb_row column_structure=&#8220;1_2,1_2&#8243; _builder_version=&#8220;4.13.1&#8243; _module_preset=&#8220;default&#8220; global_colors_info=&#8220;{}&#8220;][et_pb_column type=&#8220;1_2&#8243; _builder_version=&#8220;4.13.1&#8243; _module_preset=&#8220;default&#8220; global_colors_info=&#8220;{}&#8220;][et_pb_image src=&#8220;https:\/\/yellowcastlemallorca.com\/wp-content\/uploads\/2022\/01\/Yellow-Castell-166-ink.jpeg&#8220; _builder_version=&#8220;4.13.1&#8243; _module_preset=&#8220;default&#8220; global_colors_info=&#8220;{}&#8220;][\/et_pb_image][\/et_pb_column][et_pb_column type=&#8220;1_2&#8243; _builder_version=&#8220;4.13.1&#8243; _module_preset=&#8220;default&#8220; global_colors_info=&#8220;{}&#8220;][et_pb_text _builder_version=&#8220;4.13.1&#8243; _module_preset=&#8220;default&#8220; header_2_font=&#8220;|300|||||||&#8220; header_2_font_size=&#8220;60px&#8220; global_colors_info=&#8220;{}&#8220;]<\/p>\n<h2><span style=\"color: #000000;\">3D Rundgang Haupthaus\u00a0<\/span><\/h2>\n<ul>\n<li><span style=\"color: #000000;\">Jetzt k\u00f6nnen Sie das Yellow Castle in einer virtuellen Tour besichtigen.<\/span><\/li>\n<li><span style=\"color: #000000;\">Sollten Sie eine VR f\u00e4hige Brille besitzen f\u00fchlt es sich so an als w\u00e4hren Sie vor Ort.<\/span><\/li>\n<\/ul>\n<p>[\/et_pb_text][\/et_pb_column][\/et_pb_row][\/et_pb_section][et_pb_section fb_built=&#8220;1&#8243; fullwidth=&#8220;on&#8220; _builder_version=&#8220;4.13.1&#8243; _module_preset=&#8220;default&#8220; global_colors_info=&#8220;{}&#8220;][et_pb_fullwidth_code _builder_version=&#8220;4.13.1&#8243; _module_preset=&#8220;default&#8220; global_colors_info=&#8220;{}&#8220;]<iframe loading=\"lazy\" width=\"2500\" height=\"550\" src=\"https:\/\/my.matterport.com\/show\/?m=XA2mRRfE2HE&#038;play=1&#038;brand=0&#038;title=0\" frameborder=\"0\" allowfullscreen><\/iframe>[\/et_pb_fullwidth_code][\/et_pb_section][et_pb_section fb_built=&#8220;1&#8243; _builder_version=&#8220;4.13.1&#8243; _module_preset=&#8220;default&#8220; global_colors_info=&#8220;{}&#8220;][et_pb_row column_structure=&#8220;1_2,1_2&#8243; _builder_version=&#8220;4.13.1&#8243; _module_preset=&#8220;default&#8220; global_colors_info=&#8220;{}&#8220;][et_pb_column type=&#8220;1_2&#8243; _builder_version=&#8220;4.13.1&#8243; _module_preset=&#8220;default&#8220; global_colors_info=&#8220;{}&#8220;][et_pb_image src=&#8220;https:\/\/yellowcastlemallorca.com\/wp-content\/uploads\/2022\/06\/Cielo-Pino-Suite-07072020_133857-ink-scaled.jpeg&#8220; _builder_version=&#8220;4.13.1&#8243; _module_preset=&#8220;default&#8220; hover_enabled=&#8220;0&#8243; global_colors_info=&#8220;{}&#8220; sticky_enabled=&#8220;0&#8243;][\/et_pb_image][\/et_pb_column][et_pb_column type=&#8220;1_2&#8243; _builder_version=&#8220;4.13.1&#8243; _module_preset=&#8220;default&#8220; global_colors_info=&#8220;{}&#8220;][et_pb_text _builder_version=&#8220;4.13.1&#8243; _module_preset=&#8220;default&#8220; header_2_font=&#8220;|300|||||||&#8220; header_2_font_size=&#8220;60px&#8220; global_colors_info=&#8220;{}&#8220;]<\/p>\n<h2><span style=\"color: #000000;\">3D Rundgang <\/span><\/h2>\n<h2><span style=\"color: #000000;\">Pino &amp; Cielo Suite<\/span><\/h2>\n<ul>\n<li><span style=\"color: #000000;\">2 Traumhafte Suiten in dem Nebengeb\u00e4ude<\/span><\/li>\n<li><span style=\"color: #000000;\">3 B\u00e4der, und 2 Balkone mit Meerblick<\/span><\/li>\n<li><span style=\"color: #000000;\">Jetzt virtuell besichtigen<\/span><\/li>\n<\/ul>\n<p>[\/et_pb_text][\/et_pb_column][\/et_pb_row][\/et_pb_section][et_pb_section fb_built=&#8220;1&#8243; fullwidth=&#8220;on&#8220; _builder_version=&#8220;4.13.1&#8243; _module_preset=&#8220;default&#8220; global_colors_info=&#8220;{}&#8220;][et_pb_fullwidth_code _builder_version=&#8220;4.13.1&#8243; _module_preset=&#8220;default&#8220; global_colors_info=&#8220;{}&#8220;]<iframe loading=\"lazy\" width=\"2500\" height=\"550\" src=\"https:\/\/my.matterport.com\/show\/?m=xAxsJao577Z&#038;play=1&#038;brand=0&#038;title=0\" frameborder=\"0\" allowfullscreen><\/iframe>[\/et_pb_fullwidth_code][\/et_pb_section][et_pb_section fb_built=&#8220;1&#8243; _builder_version=&#8220;4.13.1&#8243; _module_preset=&#8220;default&#8220; global_colors_info=&#8220;{}&#8220;][et_pb_row column_structure=&#8220;1_2,1_2&#8243; _builder_version=&#8220;4.13.1&#8243; _module_preset=&#8220;default&#8220; global_colors_info=&#8220;{}&#8220;][et_pb_column type=&#8220;1_2&#8243; _builder_version=&#8220;4.13.1&#8243; _module_preset=&#8220;default&#8220; global_colors_info=&#8220;{}&#8220;][et_pb_image src=&#8220;https:\/\/yellowcastlemallorca.com\/wp-content\/uploads\/2022\/06\/Sol-Suite-07072020_125303-ink-scaled.jpeg&#8220; _builder_version=&#8220;4.13.1&#8243; _module_preset=&#8220;default&#8220; hover_enabled=&#8220;0&#8243; global_colors_info=&#8220;{}&#8220; sticky_enabled=&#8220;0&#8243;][\/et_pb_image][\/et_pb_column][et_pb_column type=&#8220;1_2&#8243; _builder_version=&#8220;4.13.1&#8243; _module_preset=&#8220;default&#8220; global_colors_info=&#8220;{}&#8220;][et_pb_text _builder_version=&#8220;4.13.1&#8243; _module_preset=&#8220;default&#8220; header_2_font=&#8220;|300|||||||&#8220; header_2_font_size=&#8220;60px&#8220; global_colors_info=&#8220;{}&#8220;]<\/p>\n<h2><span style=\"color: #000000;\">3D Rundgang <\/span><\/h2>\n<h2><span style=\"color: #000000;\">Sol Suite<\/span><\/h2>\n<ul>\n<li><span style=\"color: #000000;\">Balkon mit Meerblick<\/span><\/li>\n<li><span style=\"color: #000000;\">Traumhaftes Master Badezimmer<\/span><\/li>\n<li><span style=\"color: #000000;\">Jetzt die atemberaubende Sol Suite virtuell besichtigen<\/span><\/li>\n<\/ul>\n<p>[\/et_pb_text][\/et_pb_column][\/et_pb_row][\/et_pb_section][et_pb_section fb_built=&#8220;1&#8243; fullwidth=&#8220;on&#8220; _builder_version=&#8220;4.13.1&#8243; _module_preset=&#8220;default&#8220; global_colors_info=&#8220;{}&#8220;][et_pb_fullwidth_code _builder_version=&#8220;4.13.1&#8243; _module_preset=&#8220;default&#8220; global_colors_info=&#8220;{}&#8220;]<iframe loading=\"lazy\" width=\"2500\" height=\"550\" src=\"https:\/\/my.matterport.com\/show\/?m=yHw3korDwCT&#038;play=1&#038;brand=0&#038;title=0\" frameborder=\"0\" allowfullscreen><\/iframe>[\/et_pb_fullwidth_code][\/et_pb_section][et_pb_section fb_built=&#8220;1&#8243; fullwidth=&#8220;on&#8220; _builder_version=&#8220;4.13.1&#8243; _module_preset=&#8220;default&#8220; global_colors_info=&#8220;{}&#8220;][et_pb_fullwidth_image src=&#8220;https:\/\/yellowcastlemallorca.com\/wp-content\/uploads\/2022\/06\/Yellow-Castle-188-watermarked.jpg&#8220; _builder_version=&#8220;4.13.1&#8243; _module_preset=&#8220;default&#8220; hover_enabled=&#8220;0&#8243; global_colors_info=&#8220;{}&#8220; sticky_enabled=&#8220;0&#8243;][\/et_pb_fullwidth_image][\/et_pb_section]<\/p>\n","protected":false},"excerpt":{"rendered":"<p>Mit einem L\u00e4chelnDen Weitblick genie\u00dfenZur Ruhe kommen3D Rundgang Haupthaus\u00a0 Jetzt k\u00f6nnen Sie das Yellow Castle in einer virtuellen Tour besichtigen. Sollten Sie eine VR f\u00e4hige Brille besitzen f\u00fchlt es sich so an als w\u00e4hren Sie vor Ort. 3D Rundgang Pino &amp; Cielo Suite 2 Traumhafte Suiten in dem Nebengeb\u00e4ude 3 B\u00e4der, und 2 Balkone mit [&hellip;]<\/p>\n","protected":false},"author":1,"featured_media":0,"parent":0,"menu_order":0,"comment_status":"closed","ping_status":"closed","template":"","meta":{"_et_pb_use_builder":"on","_et_pb_old_content":"<!-- wp:divi\/placeholder \/-->","_et_gb_content_width":"","footnotes":""},"class_list":["post-374","page","type-page","status-publish","hentry"],"_links":{"self":[{"href":"https:\/\/yellowcastlemallorca.com\/en\/wp-json\/wp\/v2\/pages\/374","targetHints":{"allow":["GET"]}}],"collection":[{"href":"https:\/\/yellowcastlemallorca.com\/en\/wp-json\/wp\/v2\/pages"}],"about":[{"href":"https:\/\/yellowcastlemallorca.com\/en\/wp-json\/wp\/v2\/types\/page"}],"author":[{"embeddable":true,"href":"https:\/\/yellowcastlemallorca.com\/en\/wp-json\/wp\/v2\/users\/1"}],"replies":[{"embeddable":true,"href":"https:\/\/yellowcastlemallorca.com\/en\/wp-json\/wp\/v2\/comments?post=374"}],"version-history":[{"count":25,"href":"https:\/\/yellowcastlemallorca.com\/en\/wp-json\/wp\/v2\/pages\/374\/revisions"}],"predecessor-version":[{"id":1168,"href":"https:\/\/yellowcastlemallorca.com\/en\/wp-json\/wp\/v2\/pages\/374\/revisions\/1168"}],"wp:attachment":[{"href":"https:\/\/yellowcastlemallorca.com\/en\/wp-json\/wp\/v2\/media?parent=374"}],"curies":[{"name":"wp","href":"https:\/\/api.w.org\/{rel}","templated":true}]}}