{"id":31,"date":"2021-11-18T13:13:14","date_gmt":"2021-11-18T13:13:14","guid":{"rendered":"http:\/\/yellowcastlemallorca.com\/?page_id=31"},"modified":"2026-01-08T10:31:51","modified_gmt":"2026-01-08T10:31:51","slug":"ueber-uns","status":"publish","type":"page","link":"https:\/\/yellowcastlemallorca.com\/en\/ueber-uns\/","title":{"rendered":"TEAM"},"content":{"rendered":"<p>[et_pb_section fb_built=&#8220;1&#8243; fullwidth=&#8220;on&#8220; _builder_version=&#8220;4.13.1&#8243; _module_preset=&#8220;default&#8220; global_colors_info=&#8220;{}&#8220;][et_pb_fullwidth_slider _builder_version=&#8220;4.13.1&#8243; _module_preset=&#8220;default&#8220; global_colors_info=&#8220;{}&#8220;][et_pb_slide heading=&#8220;SERVICE&#8220; _builder_version=&#8220;4.13.1&#8243; _module_preset=&#8220;default&#8220; body_font_size=&#8220;23px&#8220; background_enable_color=&#8220;off&#8220; background_image=&#8220;https:\/\/yellowcastlemallorca.com\/wp-content\/uploads\/2022\/06\/Yellow-Castle-03-watermarked.jpg&#8220; background_enable_image=&#8220;on&#8220; global_colors_info=&#8220;{}&#8220; sticky_transition=&#8220;on&#8220;]<\/p>\n<p>Mit einem L\u00e4cheln<\/p>\n<p>[\/et_pb_slide][et_pb_slide heading=&#8220;Rundum Meerblick&#8220; _builder_version=&#8220;4.13.1&#8243; _module_preset=&#8220;default&#8220; body_font_size=&#8220;23px&#8220; background_enable_color=&#8220;off&#8220; background_image=&#8220;https:\/\/yellowcastlemallorca.com\/wp-content\/uploads\/2022\/06\/Yellow-Castle-199-watermarked.jpg&#8220; background_enable_image=&#8220;on&#8220; global_colors_info=&#8220;{}&#8220; sticky_transition=&#8220;on&#8220;][\/et_pb_slide][et_pb_slide heading=&#8220;Privatsph\u00e4re&#8220; _builder_version=&#8220;4.13.1&#8243; _module_preset=&#8220;default&#8220; body_font_size=&#8220;23px&#8220; background_enable_color=&#8220;off&#8220; background_image=&#8220;https:\/\/yellowcastlemallorca.com\/wp-content\/uploads\/2022\/06\/Yellow-Castle-53-watermarked.jpg&#8220; background_enable_image=&#8220;on&#8220; global_colors_info=&#8220;{}&#8220; sticky_transition=&#8220;on&#8220;][\/et_pb_slide][et_pb_slide heading=&#8220;THE YELLOW CASTLE&#8220; _builder_version=&#8220;4.13.1&#8243; _module_preset=&#8220;default&#8220; body_font_size=&#8220;23px&#8220; background_enable_color=&#8220;off&#8220; background_image=&#8220;https:\/\/yellowcastlemallorca.com\/wp-content\/uploads\/2022\/06\/Yellow-Castle-233-watermarked.jpg&#8220; background_enable_image=&#8220;on&#8220; global_colors_info=&#8220;{}&#8220; sticky_transition=&#8220;on&#8220;][\/et_pb_slide][\/et_pb_fullwidth_slider][\/et_pb_section][et_pb_section fb_built=&#8220;1&#8243; _builder_version=&#8220;4.13.1&#8243; _module_preset=&#8220;default&#8220; global_colors_info=&#8220;{}&#8220;][et_pb_row column_structure=&#8220;1_2,1_2&#8243; _builder_version=&#8220;4.13.1&#8243; _module_preset=&#8220;default&#8220; global_colors_info=&#8220;{}&#8220;][et_pb_column type=&#8220;1_2&#8243; _builder_version=&#8220;4.13.1&#8243; _module_preset=&#8220;default&#8220; global_colors_info=&#8220;{}&#8220;][et_pb_image src=&#8220;https:\/\/yellowcastlemallorca.com\/wp-content\/uploads\/2022\/06\/Yellow-Castle-03-watermarked.jpg&#8220; _builder_version=&#8220;4.13.1&#8243; _module_preset=&#8220;default&#8220; global_colors_info=&#8220;{}&#8220;][\/et_pb_image][\/et_pb_column][et_pb_column type=&#8220;1_2&#8243; _builder_version=&#8220;4.13.1&#8243; _module_preset=&#8220;default&#8220; global_colors_info=&#8220;{}&#8220;][et_pb_text _builder_version=&#8220;4.13.1&#8243; _module_preset=&#8220;default&#8220; header_2_font=&#8220;|300|||||||&#8220; header_2_font_size=&#8220;60px&#8220; global_colors_info=&#8220;{}&#8220;]<\/p>\n<h2><span style=\"color: #000000;\">Team<\/span><\/h2>\n<ul>\n<li><span style=\"color: #0c0c0c;\">Unser erfahrenes Facility-Management-Team steht Ihnen vor Ort zuverl\u00e4ssig zur Seite.<\/span><\/li>\n<li><span style=\"color: #000000;\">Diese \u00fcbernehmen die Gartenpflege und die Instandhaltung sowie Room- und Fr\u00fchst\u00fccksservice w\u00e4hrend Ihrem Aufenthalt.<\/span><\/li>\n<\/ul>\n<p>[\/et_pb_text][\/et_pb_column][\/et_pb_row][\/et_pb_section][et_pb_section fb_built=&#8220;1&#8243; fullwidth=&#8220;on&#8220; _builder_version=&#8220;4.13.1&#8243; _module_preset=&#8220;default&#8220; global_colors_info=&#8220;{}&#8220;][et_pb_fullwidth_image src=&#8220;https:\/\/yellowcastlemallorca.com\/wp-content\/uploads\/2022\/01\/Yellow-Castell-187-ink.jpeg&#8220; _builder_version=&#8220;4.13.1&#8243; _module_preset=&#8220;default&#8220; global_colors_info=&#8220;{}&#8220;][\/et_pb_fullwidth_image][\/et_pb_section]<\/p>\n","protected":false},"excerpt":{"rendered":"<p>Mit einem L\u00e4chelnTeam Unser erfahrenes Facility-Management-Team steht Ihnen vor Ort zuverl\u00e4ssig zur Seite. Diese \u00fcbernehmen die Gartenpflege und die Instandhaltung sowie Room- und Fr\u00fchst\u00fccksservice w\u00e4hrend Ihrem Aufenthalt.<\/p>","protected":false},"author":1,"featured_media":0,"parent":0,"menu_order":0,"comment_status":"closed","ping_status":"closed","template":"","meta":{"_et_pb_use_builder":"on","_et_pb_old_content":"<!-- wp:divi\/placeholder \/-->","_et_gb_content_width":"","footnotes":""},"class_list":["post-31","page","type-page","status-publish","hentry"],"_links":{"self":[{"href":"https:\/\/yellowcastlemallorca.com\/en\/wp-json\/wp\/v2\/pages\/31","targetHints":{"allow":["GET"]}}],"collection":[{"href":"https:\/\/yellowcastlemallorca.com\/en\/wp-json\/wp\/v2\/pages"}],"about":[{"href":"https:\/\/yellowcastlemallorca.com\/en\/wp-json\/wp\/v2\/types\/page"}],"author":[{"embeddable":true,"href":"https:\/\/yellowcastlemallorca.com\/en\/wp-json\/wp\/v2\/users\/1"}],"replies":[{"embeddable":true,"href":"https:\/\/yellowcastlemallorca.com\/en\/wp-json\/wp\/v2\/comments?post=31"}],"version-history":[{"count":33,"href":"https:\/\/yellowcastlemallorca.com\/en\/wp-json\/wp\/v2\/pages\/31\/revisions"}],"predecessor-version":[{"id":1266,"href":"https:\/\/yellowcastlemallorca.com\/en\/wp-json\/wp\/v2\/pages\/31\/revisions\/1266"}],"wp:attachment":[{"href":"https:\/\/yellowcastlemallorca.com\/en\/wp-json\/wp\/v2\/media?parent=31"}],"curies":[{"name":"wp","href":"https:\/\/api.w.org\/{rel}","templated":true}]}}