{"id":23,"date":"2021-11-18T13:05:36","date_gmt":"2021-11-18T13:05:36","guid":{"rendered":"http:\/\/yellowcastlemallorca.com\/?page_id=23"},"modified":"2022-12-22T08:49:34","modified_gmt":"2022-12-22T08:49:34","slug":"cookie-richtline","status":"publish","type":"page","link":"https:\/\/yellowcastlemallorca.com\/en\/cookie-richtline\/","title":{"rendered":"COOKIE-POLICY"},"content":{"rendered":"<p>[et_pb_section fb_built=&#8220;1&#8243; _builder_version=&#8220;4.13.1&#8243; _module_preset=&#8220;default&#8220; background_color=&#8220;#e0d0ac&#8220; global_colors_info=&#8220;{}&#8220;][et_pb_row _builder_version=&#8220;4.13.1&#8243; _module_preset=&#8220;default&#8220; custom_padding=&#8220;||39px|||&#8220; global_colors_info=&#8220;{}&#8220;][et_pb_column type=&#8220;4_4&#8243; _builder_version=&#8220;4.13.1&#8243; _module_preset=&#8220;default&#8220; global_colors_info=&#8220;{}&#8220;][et_pb_text _builder_version=&#8220;4.13.1&#8243; _module_preset=&#8220;default&#8220; text_font=&#8220;|300|||||||&#8220; text_text_color=&#8220;#000000&#8243; text_font_size=&#8220;42px&#8220; text_letter_spacing=&#8220;2px&#8220; global_colors_info=&#8220;{}&#8220;]<\/p>\n<p style=\"text-align: center;\">Cookie-Richtlinie<\/p>\n<p>[\/et_pb_text][\/et_pb_column][\/et_pb_row][\/et_pb_section][et_pb_section fb_built=&#8220;1&#8243; _builder_version=&#8220;4.13.1&#8243; _module_preset=&#8220;default&#8220; background_color=&#8220;#e0d0ac&#8220; custom_padding=&#8220;23px|||||&#8220; global_colors_info=&#8220;{}&#8220;][et_pb_row _builder_version=&#8220;4.13.1&#8243; _module_preset=&#8220;default&#8220; global_colors_info=&#8220;{}&#8220;][et_pb_column type=&#8220;4_4&#8243; _builder_version=&#8220;4.13.1&#8243; _module_preset=&#8220;default&#8220; global_colors_info=&#8220;{}&#8220;][et_pb_text _builder_version=&#8220;4.13.1&#8243; _module_preset=&#8220;default&#8220; text_text_color=&#8220;#000000&#8243; global_colors_info=&#8220;{}&#8220;]<\/p>\n<p class=\"bodytext\"><span style=\"color: #000000;\">LEGALE<\/span><\/p>\n<p class=\"bodytext\"><span style=\"color: #000000; font-size: x-large; font-family: 'Abhaya Libre'; font-weight: normal;\">Pol\u00edtica de Cookies<\/span><\/p>\n<p class=\"bodytext\"><span style=\"color: #000000;\"><\/span><\/p>\n<p class=\"bodytext\"><span style=\"color: #000000;\"><\/span><\/p>\n<div class=\"text\">\n<p class=\"bodytext\"><span style=\"color: #000000;\">La entidad mercantil UNISONO LUXURY HOMES ONLY, S.L., titular del N\u00famero de Identificaci\u00f3n\u00a0Fiscal (N.I.F.)\u00a0<b>B02925451,<\/b> y domicilio social en <span style=\"font-family: inherit;\"><b>C.\/ Illes Canaries 18, unit 44, 07183 Calvia<\/b><\/span>, titular del dominio web\u00a0<a href=\"https:\/\/unisonoluxuryhomes.com\/\" title=\"Opens internal link in current window\" class=\"internal-link\" style=\"color: #000000;\">www.unisonoluxuryhomes.com<\/a>\u00a0informa a los\u00a0Clientes o Usuarios del sitio web que, de conformidad con lo previsto en el art\u00edculo 22.2 de la\u00a0Ley 34\/2002, de 11 de julio, de servicios de la sociedad de la informaci\u00f3n y de comercio\u00a0electr\u00f3nico (LSSI), el mismo, utiliza &#8222;cookies&#8220; para ofrecerle una mejor experiencia y servicio.<\/span><\/p>\n<p class=\"bodytext\"><span style=\"color: #000000;\">Al navegar o utilizar nuestros servicios el usuario acepta de manera expresa el uso que\u00a0hacemos de las &#8222;cookies&#8220;. Sin embargo, el usuario tiene la opci\u00f3n de impedir la generaci\u00f3n de\u00a0&#8222;cookies&#8220; y la eliminaci\u00f3n de las mismas mediante la selecci\u00f3n de la correspondiente opci\u00f3n en\u00a0su navegador.<\/span><\/p>\n<p class=\"bodytext\"><span style=\"color: #000000;\">En caso de bloquear el uso de &#8222;cookies&#8220; en su navegador es posible que algunos servicios o\u00a0funcionalidades de la p\u00e1gina web no est\u00e9n disponibles.\u00a0<\/span><\/p>\n<p class=\"bodytext\"><span style=\"color: #000000;\"><b>1. \u00bfQU\u00c9 ES UNA &#8222;COOKIE&#8220;?<\/b><\/span><\/p>\n<p class=\"bodytext\"><span style=\"color: #000000;\">Una cookie (o galleta inform\u00e1tica) es un peque\u00f1o archivo de datos creado por el sitio web\u00a0visitado y almacenado en el navegador o dispositivo utilizado por los usuarios. Las cookies\u00a0contienen peque\u00f1as cantidades de informaci\u00f3n que se env\u00edan entre un emisor (generalmente\u00a0el servidor de la web) y un receptor (el navegador del usuario) y esta informaci\u00f3n se almacena\u00a0en la memoria del navegador.<\/span><\/p>\n<p class=\"bodytext\"><span style=\"color: #000000;\">Estos archivos permiten que el sitio web recuerde informaci\u00f3n sobre su visita, como el idioma\u00a0y las opciones preferidas, lo que le puede permitir recuperar informaci\u00f3n sobre la navegaci\u00f3n\u00a0que se efect\u00faa desde su equipo, de esta manera se pretende facilitar su pr\u00f3xima visita y hacer\u00a0que el sitio resulte m\u00e1s \u00fatil al personalizar su contenido.<\/span><\/p>\n<p class=\"bodytext\"><span style=\"color: #000000;\">En definitiva, las cookies se utilizan porque forman parte del sistema de medici\u00f3n de las\u00a0p\u00e1ginas webs y, en esencia,\u00a0<b>sirven para identificar y reconocer los usuarios<\/b>\u00a0as\u00ed como para\u00a0conocer su comportamiento de navegaci\u00f3n.<\/span><\/p>\n<p class=\"bodytext\"><span style=\"color: #000000;\">2. TIPOS DE &#8222;COOKIES&#8220;:<\/span><\/p>\n<p class=\"bodytext\"><span style=\"color: #000000;\"><b>a. Seg\u00fan la entidad que las gestione:<\/b><\/span><\/p>\n<ul>\n<li><span style=\"color: #000000;\">Cookies propias: Son aquellas que se recaban por la empresa para prestar el servicio\u00a0solicitado por el usuario.<\/span><\/li>\n<li><span style=\"color: #000000;\">Cookies de terceros: Son aquellas que son recabadas y gestionadas por otra entidad distinta de la que gestiona la web visitada. Est\u00e1n asociadas a eventos, im\u00e1genes o a elementos publicitarios provenientes de otros dominios, como ser\u00eda el caso de Google Analytics.<\/span><\/li>\n<\/ul>\n<p class=\"bodytext\"><span style=\"color: #000000;\"><b>b. Seg\u00fan el plazo de tiempo que permanezcan activas:<\/b><\/span><\/p>\n<ul>\n<li><span style=\"color: #000000;\">Cookies de sesi\u00f3n: Recaban datos mientras el usuario navega por la red con la finalidad\u00a0de prestar el servicio solicitado.<\/span><\/li>\n<li><span style=\"color: #000000;\">Cookies persistentes: Se almacenan en el terminal y la informaci\u00f3n obtenida, ser\u00e1 utilizada por el responsable de la cookie con la finalidad de prestar el servicio solicitado.<\/span><\/li>\n<\/ul>\n<p class=\"bodytext\"><span style=\"color: #000000;\"><b>c. Seg\u00fan su finalidad:<\/b><\/span><\/p>\n<ul>\n<li><span style=\"color: #000000;\">Cookies t\u00e9cnicas: Son las necesarias para la correcta navegaci\u00f3n por la web.<\/span><\/li>\n<li><span style=\"color: #000000;\">Cookies de personalizaci\u00f3n: Permiten al usuario las caracter\u00edsticas (idioma) para la navegaci\u00f3n por el sitio web.<\/span><\/li>\n<li><span style=\"color: #000000;\">Cookies de an\u00e1lisis: Permiten el an\u00e1lisis vinculado a la navegaci\u00f3n realizada por el usuario, con la finalidad de llevar un seguimiento de uso de la p\u00e1gina web, as\u00ed como realizar estad\u00edsticas de los contenidos m\u00e1s visitados, n\u00famero de visitantes, etc.<\/span><\/li>\n<li><span style=\"color: #000000;\">Cookies publicitarias: Permiten incluir en la web espacios publicitarios seg\u00fan el contenido de la propia web.<\/span><\/li>\n<li><span style=\"color: #000000;\">Cookies de publicidad comportamental: Permiten incluir en la p\u00e1gina web espacios publicitarios seg\u00fan la informaci\u00f3n obtenida a trav\u00e9s de los h\u00e1bitos de navegaci\u00f3n del usuario.<\/span><\/li>\n<\/ul>\n<p class=\"bodytext\"><span style=\"color: #000000;\"><b>3. COOKIES UTILIZADAS:<\/b><\/span><\/p>\n<p class=\"bodytext\"><span style=\"color: #000000;\">De conformidad con lo dispuesto en el art\u00edculo 22.2 de la Ley 34\/2002, de 11 de julio, de\u00a0Servicios de la Sociedad de la Informaci\u00f3n y de Comercio Electr\u00f3nico, UNISONO LUXURY\u00a0HOMES ONLY, S.L. informa a los usuarios que las cookies utilizadas en este sitio web son las\u00a0siguientes:<\/span><\/p>\n<ul>\n<li><span style=\"color: #000000;\"><b>Google Analytics:<\/b>\u00a0Almacena cookies para poder elaborar estad\u00edsticas sobre el tr\u00e1fico y\u00a0volumen de visitas de esta web. Al utilizar este sitio web est\u00e1 consintiendo el tratamiento de informaci\u00f3n acerca de usted por Google. Por tanto, el ejercicio de cualquier derecho en este sentido deber\u00e1 hacerlo comunicando directamente con Google. Las cookies de Google Analytics, esta empresa almacena las cookies en servidores ubicados en Estados Unidos y se compromete a no compartirla con terceros, excepto en los casos en los que sea necesario para el funcionamiento del sistema o cuando la ley obligue a tal efecto. Seg\u00fan Google no guarda su direcci\u00f3n IP. Google Inc. es una compa\u00f1\u00eda adherida al Acuerdo de Puerto Seguro que garantiza que todos los datos transferidos ser\u00e1n tratados con un nivel de protecci\u00f3n acorde a la normativa europea. Puede consultar informaci\u00f3n detallada a este respecto a trav\u00e9s del siguiente enlace:\u00a0<a href=\"https:\/\/support.google.com\/analytics\/answer\/6004245\" title=\"Opens external link in new window\" target=\"_blank\" class=\"external-link-new-window\" rel=\"noopener\" style=\"color: #000000;\">https:\/\/support.google.com\/analytics\/answer\/6004245<\/a>Si lo desea puede utilizar el Complemento de inhabilitaci\u00f3n para navegadores de Google Analytics\u00a0 a trav\u00e9s de cuyas instrucciones pueden rechazarse las cookies anal\u00edticas de dicho servicio en todos los navegadores. Para m\u00e1s informaci\u00f3n:\u00a0<a href=\"https:\/\/tools.google.com\/dlpage\/gaoptout\" title=\"Opens external link in new window\" target=\"_blank\" class=\"external-link-new-window\" rel=\"noopener\" style=\"color: #000000;\">https:\/\/tools.google.com\/dlpage\/gaoptout\u00a0<\/a><\/span><\/li>\n<\/ul>\n<ul>\n<li><span style=\"color: #000000;\"><b>Propias:\u00a0<\/b>Son cookies que se almacenan en tu dispositivo entre sesiones de navegaci\u00f3n\u00a0y nos permiten recordar tus preferencias o acciones en varios sitios web.<\/span><\/li>\n<li><span style=\"color: #000000;\"><b>Redes sociales:<\/b><\/span><\/li>\n<\/ul>\n<p class=\"bodytext\"><span style=\"color: #000000;\"><b>4. COMO DESACTIVAR O ELIMINAR LAS COOKIES:<\/b><\/span><\/p>\n<p class=\"bodytext\"><span style=\"color: #000000;\">UNISONO LUXURY HOMES ONLY, S.L. informa al usuario de que tiene la posibilidad de\u00a0configurar su navegador de manera que se le informe acerca de la recepci\u00f3n de cookies,\u00a0pudiendo, si as\u00ed lo desea, impedir que sean instaladas en el disco duro de su dispositivo.<\/span><\/p>\n<p class=\"bodytext\"><span style=\"color: #000000;\">Dependiendo de su navegador, podr\u00e1 encontrar informaci\u00f3n sobre como habilitar\/deshabilitar\u00a0o eliminar las cookies en los siguientes enlaces:\u00a0<\/span><\/p>\n<p class=\"bodytext\"><span style=\"color: #000000;\">Mozilla Firefox:\u00a0<a href=\"https:\/\/support.mozilla.org\/es\/kb\/habilitar-y-deshabilitar-cookies-sitios-web\" target=\"_blank\" rel=\"noopener\" style=\"color: #000000;\">https:\/\/support.mozilla.org\/es\/kb\/habilitar-y-deshabilitar-cookies-sitios-web<\/a><\/span><br \/><span style=\"color: #000000;\">Google Chrome:\u00a0<a href=\"https:\/\/support.google.com\/chrome\/answer\/95647?hl=es\" target=\"_blank\" rel=\"noopener\" style=\"color: #000000;\">https:\/\/support.google.com\/chrome\/answer\/95647?hl=es<\/a><br \/>Internet Explorer:\u00a0<a href=\"https:\/\/support.microsoft.com\/es-es\/help\/17442\/windows-internet-explorer-delete-manage-cookies#ie=ie-10\" title=\"Opens external link in new window\" target=\"_blank\" class=\"external-link-new-window\" rel=\"noopener\" style=\"color: #000000;\">https:\/\/support.microsoft.com\/es-es\/help\/17442\/windows-internet-<\/a><a href=\"https:\/\/support.microsoft.com\/es-es\/help\/17442\/windows-internet-explorer-delete-manage-cookies#ie=ie-10\" title=\"Opens external link in new window\" target=\"_blank\" class=\"external-link-new-window\" rel=\"noopener\" style=\"color: #000000;\">explorer-delete-manage-cookies#ie=ie-10<\/a><br \/>Safari:\u00a0<a href=\"https:\/\/support.apple.com\/kb\/ph17191?locale=es_ES\" target=\"_blank\" rel=\"noopener\" style=\"color: #000000;\">https:\/\/support.apple.com\/kb\/ph17191?locale=es_ES<\/a><br \/>Opera:\u00a0<a href=\"http:\/\/help.opera.com\/Windows\/11.50\/es-ES\/cookies.html\" target=\"_blank\" rel=\"noopener\" style=\"color: #000000;\">http:\/\/help.opera.com\/Windows\/11.50\/es-ES\/cookies.html<\/a><\/span><\/p>\n<p class=\"bodytext\"><span style=\"color: #000000;\"><b>5. Modificaciones de la presente pol\u00edtica de cook<\/b>ies:<\/span><\/p>\n<p class=\"bodytext\"><span style=\"color: #000000;\">UNISONO LUXURY HOMES ONLY, S.L. se reserva la facultad de modificar en cualquier\u00a0momento la presente Pol\u00edtica de Cookies.<\/span><\/p>\n<\/div>\n<p>[\/et_pb_text][\/et_pb_column][\/et_pb_row][\/et_pb_section]<\/p>\n","protected":false},"excerpt":{"rendered":"<p>Cookie-RichtlinieLEGALE Pol\u00edtica de Cookies La entidad mercantil UNISONO LUXURY HOMES ONLY, S.L., titular del N\u00famero de Identificaci\u00f3n\u00a0Fiscal (N.I.F.)\u00a0B02925451, y domicilio social en C.\/ Illes Canaries 18, unit 44, 07183 Calvia, titular del dominio web\u00a0www.unisonoluxuryhomes.com\u00a0informa a los\u00a0Clientes o Usuarios del sitio web que, de conformidad con lo previsto en el art\u00edculo 22.2 de la\u00a0Ley 34\/2002, de [&hellip;]<\/p>\n","protected":false},"author":1,"featured_media":0,"parent":0,"menu_order":0,"comment_status":"closed","ping_status":"closed","template":"","meta":{"_et_pb_use_builder":"on","_et_pb_old_content":"","_et_gb_content_width":"","footnotes":""},"class_list":["post-23","page","type-page","status-publish","hentry"],"_links":{"self":[{"href":"https:\/\/yellowcastlemallorca.com\/en\/wp-json\/wp\/v2\/pages\/23","targetHints":{"allow":["GET"]}}],"collection":[{"href":"https:\/\/yellowcastlemallorca.com\/en\/wp-json\/wp\/v2\/pages"}],"about":[{"href":"https:\/\/yellowcastlemallorca.com\/en\/wp-json\/wp\/v2\/types\/page"}],"author":[{"embeddable":true,"href":"https:\/\/yellowcastlemallorca.com\/en\/wp-json\/wp\/v2\/users\/1"}],"replies":[{"embeddable":true,"href":"https:\/\/yellowcastlemallorca.com\/en\/wp-json\/wp\/v2\/comments?post=23"}],"version-history":[{"count":10,"href":"https:\/\/yellowcastlemallorca.com\/en\/wp-json\/wp\/v2\/pages\/23\/revisions"}],"predecessor-version":[{"id":1227,"href":"https:\/\/yellowcastlemallorca.com\/en\/wp-json\/wp\/v2\/pages\/23\/revisions\/1227"}],"wp:attachment":[{"href":"https:\/\/yellowcastlemallorca.com\/en\/wp-json\/wp\/v2\/media?parent=23"}],"curies":[{"name":"wp","href":"https:\/\/api.w.org\/{rel}","templated":true}]}}